{"id":1196,"date":"2014-09-17T09:44:56","date_gmt":"2014-09-17T13:44:56","guid":{"rendered":"https:\/\/www.elevabec.com\/?page_id=1196"},"modified":"2014-09-23T13:30:35","modified_gmt":"2014-09-23T17:30:35","slug":"careers","status":"publish","type":"page","link":"https:\/\/www.elevabec.com\/en\/careers\/","title":{"rendered":"Career"},"content":{"rendered":"<p>\u00c9l\u00e9vabec inc. is proud to have in his team :<\/p>\n<ul>\n<li>Engineer<\/li>\n<li>Elevator mechanic<\/li>\n<li>Electromechanic<\/li>\n<li>Designer<\/li>\n<li>Sales Representative<\/li>\n<li>Clerical<\/li>\n<\/ul>\n<p>All applications for internships or jobs are considered.<\/p>\n","protected":false},"excerpt":{"rendered":"<p>\u00c9l\u00e9vabec inc. is proud to have in his team : Engineer Elevator mechanic Electromechanic Designer Sales Representative Clerical All applications for internships or jobs are considered.<\/p>\n","protected":false},"author":2,"featured_media":0,"parent":0,"menu_order":0,"comment_status":"closed","ping_status":"closed","template":"archive-carrieres.php","meta":{"_acf_changed":false,"ngg_post_thumbnail":0,"footnotes":""},"class_list":["post-1196","page","type-page","status-publish","hentry"],"acf":[],"yoast_head":"<!-- This site is optimized with the Yoast SEO plugin v27.1.1 - https:\/\/yoast.com\/product\/yoast-seo-wordpress\/ -->\n<title>Career - \u00c9l\u00e9vabec<\/title>\n<meta name=\"robots\" content=\"index, follow, max-snippet:-1, max-image-preview:large, max-video-preview:-1\" \/>\n<link rel=\"canonical\" href=\"https:\/\/www.elevabec.com\/en\/careers\/\" \/>\n<meta property=\"og:locale\" content=\"en_US\" \/>\n<meta property=\"og:type\" content=\"article\" \/>\n<meta property=\"og:title\" content=\"Career - \u00c9l\u00e9vabec\" \/>\n<meta property=\"og:description\" content=\"\u00c9l\u00e9vabec inc. is proud to have in his team : Engineer Elevator mechanic Electromechanic Designer Sales Representative Clerical All applications for internships or jobs are considered.\" \/>\n<meta property=\"og:url\" content=\"https:\/\/www.elevabec.com\/en\/careers\/\" \/>\n<meta property=\"og:site_name\" content=\"\u00c9l\u00e9vabec\" \/>\n<meta property=\"article:modified_time\" content=\"2014-09-23T17:30:35+00:00\" \/>\n<script type=\"application\/ld+json\" class=\"yoast-schema-graph\">{\"@context\":\"https:\/\/schema.org\",\"@graph\":[{\"@type\":\"WebPage\",\"@id\":\"https:\/\/www.elevabec.com\/en\/careers\/\",\"url\":\"https:\/\/www.elevabec.com\/en\/careers\/\",\"name\":\"Career - \u00c9l\u00e9vabec\",\"isPartOf\":{\"@id\":\"https:\/\/www.elevabec.com\/#website\"},\"datePublished\":\"2014-09-17T13:44:56+00:00\",\"dateModified\":\"2014-09-23T17:30:35+00:00\",\"inLanguage\":\"en-CA\",\"potentialAction\":[{\"@type\":\"ReadAction\",\"target\":[\"https:\/\/www.elevabec.com\/en\/careers\/\"]}]},{\"@type\":\"WebSite\",\"@id\":\"https:\/\/www.elevabec.com\/#website\",\"url\":\"https:\/\/www.elevabec.com\/\",\"name\":\"\u00c9l\u00e9vabec\",\"description\":\"Fabricant de plates-formes \u00e9l\u00e9vatrices\",\"potentialAction\":[{\"@type\":\"SearchAction\",\"target\":{\"@type\":\"EntryPoint\",\"urlTemplate\":\"https:\/\/www.elevabec.com\/?s={search_term_string}\"},\"query-input\":{\"@type\":\"PropertyValueSpecification\",\"valueRequired\":true,\"valueName\":\"search_term_string\"}}],\"inLanguage\":\"en-CA\"}]}<\/script>\n<!-- \/ Yoast SEO plugin. -->","yoast_head_json":{"title":"Career - \u00c9l\u00e9vabec","robots":{"index":"index","follow":"follow","max-snippet":"max-snippet:-1","max-image-preview":"max-image-preview:large","max-video-preview":"max-video-preview:-1"},"canonical":"https:\/\/www.elevabec.com\/en\/careers\/","og_locale":"en_US","og_type":"article","og_title":"Career - \u00c9l\u00e9vabec","og_description":"\u00c9l\u00e9vabec inc. is proud to have in his team : Engineer Elevator mechanic Electromechanic Designer Sales Representative Clerical All applications for internships or jobs are considered.","og_url":"https:\/\/www.elevabec.com\/en\/careers\/","og_site_name":"\u00c9l\u00e9vabec","article_modified_time":"2014-09-23T17:30:35+00:00","schema":{"@context":"https:\/\/schema.org","@graph":[{"@type":"WebPage","@id":"https:\/\/www.elevabec.com\/en\/careers\/","url":"https:\/\/www.elevabec.com\/en\/careers\/","name":"Career - \u00c9l\u00e9vabec","isPartOf":{"@id":"https:\/\/www.elevabec.com\/#website"},"datePublished":"2014-09-17T13:44:56+00:00","dateModified":"2014-09-23T17:30:35+00:00","inLanguage":"en-CA","potentialAction":[{"@type":"ReadAction","target":["https:\/\/www.elevabec.com\/en\/careers\/"]}]},{"@type":"WebSite","@id":"https:\/\/www.elevabec.com\/#website","url":"https:\/\/www.elevabec.com\/","name":"\u00c9l\u00e9vabec","description":"Fabricant de plates-formes \u00e9l\u00e9vatrices","potentialAction":[{"@type":"SearchAction","target":{"@type":"EntryPoint","urlTemplate":"https:\/\/www.elevabec.com\/?s={search_term_string}"},"query-input":{"@type":"PropertyValueSpecification","valueRequired":true,"valueName":"search_term_string"}}],"inLanguage":"en-CA"}]}},"_links":{"self":[{"href":"https:\/\/www.elevabec.com\/en\/wp-json\/wp\/v2\/pages\/1196","targetHints":{"allow":["GET"]}}],"collection":[{"href":"https:\/\/www.elevabec.com\/en\/wp-json\/wp\/v2\/pages"}],"about":[{"href":"https:\/\/www.elevabec.com\/en\/wp-json\/wp\/v2\/types\/page"}],"author":[{"embeddable":true,"href":"https:\/\/www.elevabec.com\/en\/wp-json\/wp\/v2\/users\/2"}],"replies":[{"embeddable":true,"href":"https:\/\/www.elevabec.com\/en\/wp-json\/wp\/v2\/comments?post=1196"}],"version-history":[{"count":4,"href":"https:\/\/www.elevabec.com\/en\/wp-json\/wp\/v2\/pages\/1196\/revisions"}],"predecessor-version":[{"id":1232,"href":"https:\/\/www.elevabec.com\/en\/wp-json\/wp\/v2\/pages\/1196\/revisions\/1232"}],"wp:attachment":[{"href":"https:\/\/www.elevabec.com\/en\/wp-json\/wp\/v2\/media?parent=1196"}],"curies":[{"name":"wp","href":"https:\/\/api.w.org\/{rel}","templated":true}]}}