{"id":1121,"date":"2013-09-20T14:59:08","date_gmt":"2013-09-20T13:59:08","guid":{"rendered":"https:\/\/www.elevabec.com\/service-apres-vente-2\/"},"modified":"2014-09-23T08:51:51","modified_gmt":"2014-09-23T12:51:51","slug":"aftersale-service","status":"publish","type":"page","link":"https:\/\/www.elevabec.com\/en\/aftersale-service\/","title":{"rendered":"Aftersales service"},"content":{"rendered":"<p>\u00c9l\u00e9vabec inc. is concern for your satisfaction by offering service 24 hours \/ 7 days. As both manufacturer and installer \u00c9l\u00e9vabec also offers inspection service, maintenance and repair to meet your requirements.\u00a0 Our team of maintenance and repair consists of elevator mechanics and skilled electrical engineers and always devoted to your service. Concern to ensure a professional service \u00c9l\u00e9vabec guarantees replacement of the original components of its devices and services during is maintenance. Our many trucks on the road ensures fast and effectively perform the service 365 days \/ year.<\/p>\n","protected":false},"excerpt":{"rendered":"<p>\u00c9l\u00e9vabec inc. is concern for your satisfaction by offering service 24 hours \/ 7 days. As both manufacturer and installer \u00c9l\u00e9vabec also offers inspection service, maintenance and repair to meet&#8230;<\/p>\n","protected":false},"author":2,"featured_media":0,"parent":0,"menu_order":0,"comment_status":"closed","ping_status":"closed","template":"","meta":{"_acf_changed":false,"ngg_post_thumbnail":0,"footnotes":""},"class_list":["post-1121","page","type-page","status-publish","hentry"],"acf":[],"yoast_head":"<!-- This site is optimized with the Yoast SEO plugin v27.1.1 - https:\/\/yoast.com\/product\/yoast-seo-wordpress\/ -->\n<title>Aftersales service - \u00c9l\u00e9vabec<\/title>\n<meta name=\"description\" content=\"Nous avons le soucis de votre satisfaction en vous offrant un service 24\/7. Nous vous offrons aussi le service d\u2019inspection, d\u2019entretien et r\u00e9paration.\" \/>\n<meta name=\"robots\" content=\"index, follow, max-snippet:-1, max-image-preview:large, max-video-preview:-1\" \/>\n<link rel=\"canonical\" href=\"https:\/\/www.elevabec.com\/en\/aftersale-service\/\" \/>\n<meta property=\"og:locale\" content=\"en_US\" \/>\n<meta property=\"og:type\" content=\"article\" \/>\n<meta property=\"og:title\" content=\"Aftersales service - \u00c9l\u00e9vabec\" \/>\n<meta property=\"og:description\" content=\"Nous avons le soucis de votre satisfaction en vous offrant un service 24\/7. Nous vous offrons aussi le service d\u2019inspection, d\u2019entretien et r\u00e9paration.\" \/>\n<meta property=\"og:url\" content=\"https:\/\/www.elevabec.com\/en\/aftersale-service\/\" \/>\n<meta property=\"og:site_name\" content=\"\u00c9l\u00e9vabec\" \/>\n<meta property=\"article:modified_time\" content=\"2014-09-23T12:51:51+00:00\" \/>\n<script type=\"application\/ld+json\" class=\"yoast-schema-graph\">{\"@context\":\"https:\/\/schema.org\",\"@graph\":[{\"@type\":\"WebPage\",\"@id\":\"https:\/\/www.elevabec.com\/en\/aftersale-service\/\",\"url\":\"https:\/\/www.elevabec.com\/en\/aftersale-service\/\",\"name\":\"Aftersales service - \u00c9l\u00e9vabec\",\"isPartOf\":{\"@id\":\"https:\/\/www.elevabec.com\/#website\"},\"datePublished\":\"2013-09-20T13:59:08+00:00\",\"dateModified\":\"2014-09-23T12:51:51+00:00\",\"description\":\"Nous avons le soucis de votre satisfaction en vous offrant un service 24\/7. Nous vous offrons aussi le service d\u2019inspection, d\u2019entretien et r\u00e9paration.\",\"inLanguage\":\"en-CA\",\"potentialAction\":[{\"@type\":\"ReadAction\",\"target\":[\"https:\/\/www.elevabec.com\/en\/aftersale-service\/\"]}]},{\"@type\":\"WebSite\",\"@id\":\"https:\/\/www.elevabec.com\/#website\",\"url\":\"https:\/\/www.elevabec.com\/\",\"name\":\"\u00c9l\u00e9vabec\",\"description\":\"Fabricant de plates-formes \u00e9l\u00e9vatrices\",\"potentialAction\":[{\"@type\":\"SearchAction\",\"target\":{\"@type\":\"EntryPoint\",\"urlTemplate\":\"https:\/\/www.elevabec.com\/?s={search_term_string}\"},\"query-input\":{\"@type\":\"PropertyValueSpecification\",\"valueRequired\":true,\"valueName\":\"search_term_string\"}}],\"inLanguage\":\"en-CA\"}]}<\/script>\n<!-- \/ Yoast SEO plugin. -->","yoast_head_json":{"title":"Aftersales service - \u00c9l\u00e9vabec","description":"Nous avons le soucis de votre satisfaction en vous offrant un service 24\/7. Nous vous offrons aussi le service d\u2019inspection, d\u2019entretien et r\u00e9paration.","robots":{"index":"index","follow":"follow","max-snippet":"max-snippet:-1","max-image-preview":"max-image-preview:large","max-video-preview":"max-video-preview:-1"},"canonical":"https:\/\/www.elevabec.com\/en\/aftersale-service\/","og_locale":"en_US","og_type":"article","og_title":"Aftersales service - \u00c9l\u00e9vabec","og_description":"Nous avons le soucis de votre satisfaction en vous offrant un service 24\/7. Nous vous offrons aussi le service d\u2019inspection, d\u2019entretien et r\u00e9paration.","og_url":"https:\/\/www.elevabec.com\/en\/aftersale-service\/","og_site_name":"\u00c9l\u00e9vabec","article_modified_time":"2014-09-23T12:51:51+00:00","schema":{"@context":"https:\/\/schema.org","@graph":[{"@type":"WebPage","@id":"https:\/\/www.elevabec.com\/en\/aftersale-service\/","url":"https:\/\/www.elevabec.com\/en\/aftersale-service\/","name":"Aftersales service - \u00c9l\u00e9vabec","isPartOf":{"@id":"https:\/\/www.elevabec.com\/#website"},"datePublished":"2013-09-20T13:59:08+00:00","dateModified":"2014-09-23T12:51:51+00:00","description":"Nous avons le soucis de votre satisfaction en vous offrant un service 24\/7. Nous vous offrons aussi le service d\u2019inspection, d\u2019entretien et r\u00e9paration.","inLanguage":"en-CA","potentialAction":[{"@type":"ReadAction","target":["https:\/\/www.elevabec.com\/en\/aftersale-service\/"]}]},{"@type":"WebSite","@id":"https:\/\/www.elevabec.com\/#website","url":"https:\/\/www.elevabec.com\/","name":"\u00c9l\u00e9vabec","description":"Fabricant de plates-formes \u00e9l\u00e9vatrices","potentialAction":[{"@type":"SearchAction","target":{"@type":"EntryPoint","urlTemplate":"https:\/\/www.elevabec.com\/?s={search_term_string}"},"query-input":{"@type":"PropertyValueSpecification","valueRequired":true,"valueName":"search_term_string"}}],"inLanguage":"en-CA"}]}},"_links":{"self":[{"href":"https:\/\/www.elevabec.com\/en\/wp-json\/wp\/v2\/pages\/1121","targetHints":{"allow":["GET"]}}],"collection":[{"href":"https:\/\/www.elevabec.com\/en\/wp-json\/wp\/v2\/pages"}],"about":[{"href":"https:\/\/www.elevabec.com\/en\/wp-json\/wp\/v2\/types\/page"}],"author":[{"embeddable":true,"href":"https:\/\/www.elevabec.com\/en\/wp-json\/wp\/v2\/users\/2"}],"replies":[{"embeddable":true,"href":"https:\/\/www.elevabec.com\/en\/wp-json\/wp\/v2\/comments?post=1121"}],"version-history":[{"count":3,"href":"https:\/\/www.elevabec.com\/en\/wp-json\/wp\/v2\/pages\/1121\/revisions"}],"predecessor-version":[{"id":1229,"href":"https:\/\/www.elevabec.com\/en\/wp-json\/wp\/v2\/pages\/1121\/revisions\/1229"}],"wp:attachment":[{"href":"https:\/\/www.elevabec.com\/en\/wp-json\/wp\/v2\/media?parent=1121"}],"curies":[{"name":"wp","href":"https:\/\/api.w.org\/{rel}","templated":true}]}}