{"id":1119,"date":"2013-09-20T14:52:46","date_gmt":"2013-09-20T13:52:46","guid":{"rendered":"https:\/\/www.elevabec.com\/pourquoi-choisir-elevabec-2\/"},"modified":"2014-09-23T08:43:35","modified_gmt":"2014-09-23T12:43:35","slug":"why-choosing-elevabec","status":"publish","type":"page","link":"https:\/\/www.elevabec.com\/en\/why-choosing-elevabec\/","title":{"rendered":"Why choosing Elevabec?"},"content":{"rendered":"<p>\u00c9l\u00e9vabec Inc., holds a contractor&#8217;s license carrier system, is proud to offer a variety of high-end products compliant manufacturing and installation regulations.<\/p>\n<p>Quebecer manufacturing company since 1981, \u00c9l\u00e9vabec inc., Is concerned about customer satisfaction by offering personalized service. Whether for single-family homes or private, commercial or institutional settings, \u00c9l\u00e9vabec inc., will know how to support with its professionalism and effectiveness users, owners, occupational therapists, as well as general contractors and architects involved right from the start of their project.<br \/>\n\u00a0<br \/>\nThe proud team \u00c9l\u00e9vabec inc., Is composed of elevator mechanics, engineers, designers, designer, machinist and electrical engineers as well as administrative staff and representatives of experience which allows us to offer with ease its customers with personalized service, home visits without fees, turnkey solutions as well as service 24 hours \/ 7 days, all without intermediate!<br \/>\n\u00a0<br \/>\nResidential: Private homes and single family of all sizes Institutional &#038; Business: Foster Care, Homes for the elderly and disabled, IDRC, nursing homes, Condos, Schools, Manor and public buildings such as CPE, sports center, library, etc&#8230;<\/p>\n<p><strong>Paying agencies such as : <\/strong><\/p>\n<ul>\n<li>SHQ (PAD): Soci\u00e9t\u00e9 d\u2019Habitation du Qu\u00e9bec<\/li>\n<li>Adaptation Programme Home<\/li>\n<li>SAAQ: Automobile Insurance Company of Quebec<\/li>\n<li>CSST: Committee on Health and Safety at Work<\/li>\n<li>IVAC: Compensation to Victims of Criminal Act<\/li>\n<\/ul>\n","protected":false},"excerpt":{"rendered":"<p>\u00c9l\u00e9vabec Inc., holds a contractor&#8217;s license carrier system, is proud to offer a variety of high-end products compliant manufacturing and installation regulations. Quebecer manufacturing company since 1981, \u00c9l\u00e9vabec inc., Is&#8230;<\/p>\n","protected":false},"author":2,"featured_media":0,"parent":0,"menu_order":0,"comment_status":"closed","ping_status":"closed","template":"","meta":{"_acf_changed":false,"ngg_post_thumbnail":0,"footnotes":""},"class_list":["post-1119","page","type-page","status-publish","hentry"],"acf":[],"yoast_head":"<!-- This site is optimized with the Yoast SEO plugin v27.1.1 - https:\/\/yoast.com\/product\/yoast-seo-wordpress\/ -->\n<title>Why choosing Elevabec? - \u00c9l\u00e9vabec<\/title>\n<meta name=\"description\" content=\"\u00c9l\u00e9vabec offre une vari\u00e9t\u00e9 de produits haut de gamme conformes aux normes de fabrication et d\u2019installation en vigueur.\" \/>\n<meta name=\"robots\" content=\"index, follow, max-snippet:-1, max-image-preview:large, max-video-preview:-1\" \/>\n<link rel=\"canonical\" href=\"https:\/\/www.elevabec.com\/en\/why-choosing-elevabec\/\" \/>\n<meta property=\"og:locale\" content=\"en_US\" \/>\n<meta property=\"og:type\" content=\"article\" \/>\n<meta property=\"og:title\" content=\"Why choosing Elevabec? - \u00c9l\u00e9vabec\" \/>\n<meta property=\"og:description\" content=\"\u00c9l\u00e9vabec offre une vari\u00e9t\u00e9 de produits haut de gamme conformes aux normes de fabrication et d\u2019installation en vigueur.\" \/>\n<meta property=\"og:url\" content=\"https:\/\/www.elevabec.com\/en\/why-choosing-elevabec\/\" \/>\n<meta property=\"og:site_name\" content=\"\u00c9l\u00e9vabec\" \/>\n<meta property=\"article:modified_time\" content=\"2014-09-23T12:43:35+00:00\" \/>\n<meta name=\"twitter:label1\" content=\"Est. reading time\" \/>\n\t<meta name=\"twitter:data1\" content=\"1 minute\" \/>\n<script type=\"application\/ld+json\" class=\"yoast-schema-graph\">{\"@context\":\"https:\/\/schema.org\",\"@graph\":[{\"@type\":\"WebPage\",\"@id\":\"https:\/\/www.elevabec.com\/en\/why-choosing-elevabec\/\",\"url\":\"https:\/\/www.elevabec.com\/en\/why-choosing-elevabec\/\",\"name\":\"Why choosing Elevabec? - \u00c9l\u00e9vabec\",\"isPartOf\":{\"@id\":\"https:\/\/www.elevabec.com\/#website\"},\"datePublished\":\"2013-09-20T13:52:46+00:00\",\"dateModified\":\"2014-09-23T12:43:35+00:00\",\"description\":\"\u00c9l\u00e9vabec offre une vari\u00e9t\u00e9 de produits haut de gamme conformes aux normes de fabrication et d\u2019installation en vigueur.\",\"inLanguage\":\"en-CA\",\"potentialAction\":[{\"@type\":\"ReadAction\",\"target\":[\"https:\/\/www.elevabec.com\/en\/why-choosing-elevabec\/\"]}]},{\"@type\":\"WebSite\",\"@id\":\"https:\/\/www.elevabec.com\/#website\",\"url\":\"https:\/\/www.elevabec.com\/\",\"name\":\"\u00c9l\u00e9vabec\",\"description\":\"Fabricant de plates-formes \u00e9l\u00e9vatrices\",\"potentialAction\":[{\"@type\":\"SearchAction\",\"target\":{\"@type\":\"EntryPoint\",\"urlTemplate\":\"https:\/\/www.elevabec.com\/?s={search_term_string}\"},\"query-input\":{\"@type\":\"PropertyValueSpecification\",\"valueRequired\":true,\"valueName\":\"search_term_string\"}}],\"inLanguage\":\"en-CA\"}]}<\/script>\n<!-- \/ Yoast SEO plugin. -->","yoast_head_json":{"title":"Why choosing Elevabec? - \u00c9l\u00e9vabec","description":"\u00c9l\u00e9vabec offre une vari\u00e9t\u00e9 de produits haut de gamme conformes aux normes de fabrication et d\u2019installation en vigueur.","robots":{"index":"index","follow":"follow","max-snippet":"max-snippet:-1","max-image-preview":"max-image-preview:large","max-video-preview":"max-video-preview:-1"},"canonical":"https:\/\/www.elevabec.com\/en\/why-choosing-elevabec\/","og_locale":"en_US","og_type":"article","og_title":"Why choosing Elevabec? - \u00c9l\u00e9vabec","og_description":"\u00c9l\u00e9vabec offre une vari\u00e9t\u00e9 de produits haut de gamme conformes aux normes de fabrication et d\u2019installation en vigueur.","og_url":"https:\/\/www.elevabec.com\/en\/why-choosing-elevabec\/","og_site_name":"\u00c9l\u00e9vabec","article_modified_time":"2014-09-23T12:43:35+00:00","twitter_misc":{"Est. reading time":"1 minute"},"schema":{"@context":"https:\/\/schema.org","@graph":[{"@type":"WebPage","@id":"https:\/\/www.elevabec.com\/en\/why-choosing-elevabec\/","url":"https:\/\/www.elevabec.com\/en\/why-choosing-elevabec\/","name":"Why choosing Elevabec? - \u00c9l\u00e9vabec","isPartOf":{"@id":"https:\/\/www.elevabec.com\/#website"},"datePublished":"2013-09-20T13:52:46+00:00","dateModified":"2014-09-23T12:43:35+00:00","description":"\u00c9l\u00e9vabec offre une vari\u00e9t\u00e9 de produits haut de gamme conformes aux normes de fabrication et d\u2019installation en vigueur.","inLanguage":"en-CA","potentialAction":[{"@type":"ReadAction","target":["https:\/\/www.elevabec.com\/en\/why-choosing-elevabec\/"]}]},{"@type":"WebSite","@id":"https:\/\/www.elevabec.com\/#website","url":"https:\/\/www.elevabec.com\/","name":"\u00c9l\u00e9vabec","description":"Fabricant de plates-formes \u00e9l\u00e9vatrices","potentialAction":[{"@type":"SearchAction","target":{"@type":"EntryPoint","urlTemplate":"https:\/\/www.elevabec.com\/?s={search_term_string}"},"query-input":{"@type":"PropertyValueSpecification","valueRequired":true,"valueName":"search_term_string"}}],"inLanguage":"en-CA"}]}},"_links":{"self":[{"href":"https:\/\/www.elevabec.com\/en\/wp-json\/wp\/v2\/pages\/1119","targetHints":{"allow":["GET"]}}],"collection":[{"href":"https:\/\/www.elevabec.com\/en\/wp-json\/wp\/v2\/pages"}],"about":[{"href":"https:\/\/www.elevabec.com\/en\/wp-json\/wp\/v2\/types\/page"}],"author":[{"embeddable":true,"href":"https:\/\/www.elevabec.com\/en\/wp-json\/wp\/v2\/users\/2"}],"replies":[{"embeddable":true,"href":"https:\/\/www.elevabec.com\/en\/wp-json\/wp\/v2\/comments?post=1119"}],"version-history":[{"count":3,"href":"https:\/\/www.elevabec.com\/en\/wp-json\/wp\/v2\/pages\/1119\/revisions"}],"predecessor-version":[{"id":1226,"href":"https:\/\/www.elevabec.com\/en\/wp-json\/wp\/v2\/pages\/1119\/revisions\/1226"}],"wp:attachment":[{"href":"https:\/\/www.elevabec.com\/en\/wp-json\/wp\/v2\/media?parent=1119"}],"curies":[{"name":"wp","href":"https:\/\/api.w.org\/{rel}","templated":true}]}}