{"id":1114,"date":"2013-09-20T14:54:38","date_gmt":"2013-09-20T13:54:38","guid":{"rendered":"https:\/\/www.elevabec.com\/estimation-gratuite-2\/"},"modified":"2025-05-13T20:52:10","modified_gmt":"2025-05-13T20:52:10","slug":"free-estimate","status":"publish","type":"page","link":"https:\/\/www.elevabec.com\/en\/free-estimate\/","title":{"rendered":"Free estimate"},"content":{"rendered":"<h2>Request a Quote or an Appointment to Try Our Elevators at Our Showroom in St-Hyacinthe. We Reply Within 24 hours.<\/h2>\n<p>The fastest and most efficient method is to complete the form below. We will contact you within 24 hours. You can also call us at 1 800 311-9977.<\/p>\n\n<div class=\"wpcf7 no-js\" id=\"wpcf7-f2554-o1\" lang=\"en-CA\" dir=\"ltr\" data-wpcf7-id=\"2554\">\n<div class=\"screen-reader-response\"><p role=\"status\" aria-live=\"polite\" aria-atomic=\"true\"><\/p> <ul><\/ul><\/div>\n<form action=\"\/en\/wp-json\/wp\/v2\/pages\/1114#wpcf7-f2554-o1\" method=\"post\" class=\"wpcf7-form init\" aria-label=\"Contact form\" novalidate=\"novalidate\" data-status=\"init\">\n<fieldset class=\"hidden-fields-container\"><input type=\"hidden\" name=\"_wpcf7\" value=\"2554\" \/><input type=\"hidden\" name=\"_wpcf7_version\" value=\"6.1.5\" \/><input type=\"hidden\" name=\"_wpcf7_locale\" value=\"en_CA\" \/><input type=\"hidden\" name=\"_wpcf7_unit_tag\" value=\"wpcf7-f2554-o1\" \/><input type=\"hidden\" name=\"_wpcf7_container_post\" value=\"0\" \/><input type=\"hidden\" name=\"_wpcf7_posted_data_hash\" value=\"\" \/><input type=\"hidden\" name=\"_wpcf7_recaptcha_response\" value=\"\" \/>\n<\/fieldset>\n<div class=\"fp-form fp-form-3\">\n\t<p class=\"field single-field radio-but\"><br \/>\n<b>Your request:<\/b><span class=\"wpcf7-form-control-wrap\" data-name=\"demande\"><span class=\"wpcf7-form-control wpcf7-radio\"><span class=\"wpcf7-list-item first\"><label><input type=\"radio\" name=\"demande\" value=\"15\" \/><span class=\"wpcf7-list-item-label\">Get a Quote<\/span><\/label><\/span><span class=\"wpcf7-list-item last\"><label><input type=\"radio\" name=\"demande\" value=\"34\" \/><span class=\"wpcf7-list-item-label\">Appointment For Showroom Trial<\/span><\/label><\/span><\/span><\/span>\n\t<\/p>\n\t<p class=\"field single-field radio-but\"><br \/>\n<b>Building:<\/b><span class=\"wpcf7-form-control-wrap\" data-name=\"immeuble\"><span class=\"wpcf7-form-control wpcf7-radio\"><span class=\"wpcf7-list-item first\"><label><input type=\"radio\" name=\"immeuble\" value=\"21\" \/><span class=\"wpcf7-list-item-label\">Institutional Building<\/span><\/label><\/span><span class=\"wpcf7-list-item\"><label><input type=\"radio\" name=\"immeuble\" value=\"16\" \/><span class=\"wpcf7-list-item-label\">Commercial Building<\/span><\/label><\/span><span class=\"wpcf7-list-item\"><label><input type=\"radio\" name=\"immeuble\" value=\"33\" \/><span class=\"wpcf7-list-item-label\">Condominium Building<\/span><\/label><\/span><span class=\"wpcf7-list-item\"><label><input type=\"radio\" name=\"immeuble\" value=\"24\" \/><span class=\"wpcf7-list-item-label\">Apartment Building<\/span><\/label><\/span><span class=\"wpcf7-list-item\"><label><input type=\"radio\" name=\"immeuble\" value=\"19\" \/><span class=\"wpcf7-list-item-label\">Restaurant (Dumbwaiter)<\/span><\/label><\/span><span class=\"wpcf7-list-item\"><label><input type=\"radio\" name=\"immeuble\" value=\"17\" \/><span class=\"wpcf7-list-item-label\">Single-family<\/span><\/label><\/span><span class=\"wpcf7-list-item last\"><label><input type=\"radio\" name=\"immeuble\" value=\"18\" \/><span class=\"wpcf7-list-item-label\">Other<\/span><\/label><\/span><\/span><\/span>\n\t<\/p>\n\t<p class=\"field single-field radio-but\"><br \/>\n<b>Floors:<\/b><span class=\"wpcf7-form-control-wrap\" data-name=\"etages\"><span class=\"wpcf7-form-control wpcf7-radio\"><span class=\"wpcf7-list-item first\"><label><input type=\"radio\" name=\"etages\" value=\"16\" \/><span class=\"wpcf7-list-item-label\">2<\/span><\/label><\/span><span class=\"wpcf7-list-item\"><label><input type=\"radio\" name=\"etages\" value=\"18\" \/><span class=\"wpcf7-list-item-label\">3<\/span><\/label><\/span><span class=\"wpcf7-list-item\"><label><input type=\"radio\" name=\"etages\" value=\"21\" \/><span class=\"wpcf7-list-item-label\">4<\/span><\/label><\/span><span class=\"wpcf7-list-item\"><label><input type=\"radio\" name=\"etages\" value=\"21\" \/><span class=\"wpcf7-list-item-label\">5<\/span><\/label><\/span><span class=\"wpcf7-list-item last\"><label><input type=\"radio\" name=\"etages\" value=\"0\" \/><span class=\"wpcf7-list-item-label\">6 and more<\/span><\/label><\/span><\/span><\/span>\n\t<\/p>\n\t<p class=\"field single-field radio-but\"><br \/>\n<b>Region:<\/b><span class=\"wpcf7-form-control-wrap\" data-name=\"region\"><span class=\"wpcf7-form-control wpcf7-radio\"><span class=\"wpcf7-list-item first\"><label><input type=\"radio\" name=\"region\" value=\"25\" \/><span class=\"wpcf7-list-item-label\">Montreal<\/span><\/label><\/span><span class=\"wpcf7-list-item\"><label><input type=\"radio\" name=\"region\" value=\"25\" \/><span class=\"wpcf7-list-item-label\">Mont\u00e9r\u00e9gie, Estrie, Centre-du-Qc<\/span><\/label><\/span><span class=\"wpcf7-list-item\"><label><input type=\"radio\" name=\"region\" value=\"19\" \/><span class=\"wpcf7-list-item-label\">Laval, Laurentians, Lanaudi\u00e8re<\/span><\/label><\/span><span class=\"wpcf7-list-item\"><label><input type=\"radio\" name=\"region\" value=\"21\" \/><span class=\"wpcf7-list-item-label\">Quebec Region<\/span><\/label><\/span><span class=\"wpcf7-list-item last\"><label><input type=\"radio\" name=\"region\" value=\"18\" \/><span class=\"wpcf7-list-item-label\">Other<\/span><\/label><\/span><\/span><\/span>\n\t<\/p>\n\t<p class=\"field first-row\"><span class=\"wpcf7-form-control-wrap\" data-name=\"your-name\"><input size=\"40\" maxlength=\"400\" class=\"wpcf7-form-control wpcf7-text\" aria-invalid=\"false\" placeholder=\"Full Name\" value=\"\" type=\"text\" name=\"your-name\" \/><\/span>\n\t<\/p>\n\t<p class=\"field last-row\"><span class=\"wpcf7-form-control-wrap\" data-name=\"your-email\"><input size=\"40\" maxlength=\"400\" class=\"wpcf7-form-control wpcf7-email wpcf7-validates-as-required wpcf7-text wpcf7-validates-as-email\" aria-required=\"true\" aria-invalid=\"false\" placeholder=\"Email*\" value=\"\" type=\"email\" name=\"your-email\" \/><\/span>\n\t<\/p>\n\t<p class=\"field first-row\"><span class=\"wpcf7-form-control-wrap\" data-name=\"compagnie\"><input size=\"40\" maxlength=\"400\" class=\"wpcf7-form-control wpcf7-text\" aria-invalid=\"false\" placeholder=\"Company (optional)\" value=\"\" type=\"text\" name=\"compagnie\" \/><\/span>\n\t<\/p>\n\t<p class=\"field last-row\"><span class=\"wpcf7-form-control-wrap\" data-name=\"your-phone\"><input size=\"40\" maxlength=\"400\" class=\"wpcf7-form-control wpcf7-text\" aria-invalid=\"false\" placeholder=\"Phone\" value=\"\" type=\"text\" name=\"your-phone\" \/><\/span>\n\t<\/p>\n\t<p class=\"field single-field\"><span class=\"wpcf7-form-control-wrap\" data-name=\"commentaires\"><textarea cols=\"40\" rows=\"10\" maxlength=\"2000\" class=\"wpcf7-form-control wpcf7-textarea\" aria-invalid=\"false\" placeholder=\"Comments (optional)\" name=\"commentaires\"><\/textarea><\/span><br \/>\n\t<input class=\"wpcf7-form-control wpcf7-hidden\" value=\"\" type=\"hidden\" name=\"score-total\" \/><br \/>\n\t<input class=\"wpcf7-form-control wpcf7-hidden\" value=\"\" type=\"hidden\" name=\"page-url\" \/>\n\t<\/p>\n\t<p class=\"field submit\"><input class=\"wpcf7-form-control wpcf7-submit has-spinner custom-button-aluko\" type=\"submit\" value=\"Submit Request\" \/>\n\t<\/p>\n<\/div><div class=\"wpcf7-response-output\" aria-hidden=\"true\"><\/div>\n<\/form>\n<\/div>\n\n","protected":false},"excerpt":{"rendered":"<p>Request a Quote or an Appointment to Try Our Elevators at Our Showroom in St-Hyacinthe. We Reply Within 24 hours. The fastest and most efficient method is to complete the&#8230;<\/p>\n","protected":false},"author":2,"featured_media":0,"parent":0,"menu_order":0,"comment_status":"closed","ping_status":"closed","template":"","meta":{"_acf_changed":false,"ngg_post_thumbnail":0,"footnotes":""},"class_list":["post-1114","page","type-page","status-publish","hentry"],"acf":[],"yoast_head":"<!-- This site is optimized with the Yoast SEO plugin v27.5 - https:\/\/yoast.com\/product\/yoast-seo-wordpress\/ -->\n<title>Free estimate - \u00c9l\u00e9vabec<\/title>\n<meta name=\"robots\" content=\"index, follow, max-snippet:-1, max-image-preview:large, max-video-preview:-1\" \/>\n<link rel=\"canonical\" href=\"https:\/\/www.elevabec.com\/en\/free-estimate\/\" \/>\n<meta property=\"og:locale\" content=\"en_US\" \/>\n<meta property=\"og:type\" content=\"article\" \/>\n<meta property=\"og:title\" content=\"Free estimate - \u00c9l\u00e9vabec\" \/>\n<meta property=\"og:description\" content=\"Request a Quote or an Appointment to Try Our Elevators at Our Showroom in St-Hyacinthe. We Reply Within 24 hours. The fastest and most efficient method is to complete the...\" \/>\n<meta property=\"og:url\" content=\"https:\/\/www.elevabec.com\/en\/free-estimate\/\" \/>\n<meta property=\"og:site_name\" content=\"\u00c9l\u00e9vabec\" \/>\n<meta property=\"article:modified_time\" content=\"2025-05-13T20:52:10+00:00\" \/>\n<meta name=\"twitter:label1\" content=\"Est. reading time\" \/>\n\t<meta name=\"twitter:data1\" content=\"1 minute\" \/>\n<script type=\"application\/ld+json\" class=\"yoast-schema-graph\">{\"@context\":\"https:\\\/\\\/schema.org\",\"@graph\":[{\"@type\":\"WebPage\",\"@id\":\"https:\\\/\\\/www.elevabec.com\\\/en\\\/free-estimate\\\/\",\"url\":\"https:\\\/\\\/www.elevabec.com\\\/en\\\/free-estimate\\\/\",\"name\":\"Free estimate - \u00c9l\u00e9vabec\",\"isPartOf\":{\"@id\":\"https:\\\/\\\/www.elevabec.com\\\/#website\"},\"datePublished\":\"2013-09-20T13:54:38+00:00\",\"dateModified\":\"2025-05-13T20:52:10+00:00\",\"inLanguage\":\"en-CA\",\"potentialAction\":[{\"@type\":\"ReadAction\",\"target\":[\"https:\\\/\\\/www.elevabec.com\\\/en\\\/free-estimate\\\/\"]}]},{\"@type\":\"WebSite\",\"@id\":\"https:\\\/\\\/www.elevabec.com\\\/#website\",\"url\":\"https:\\\/\\\/www.elevabec.com\\\/\",\"name\":\"\u00c9l\u00e9vabec\",\"description\":\"Fabricant de plates-formes \u00e9l\u00e9vatrices\",\"potentialAction\":[{\"@type\":\"SearchAction\",\"target\":{\"@type\":\"EntryPoint\",\"urlTemplate\":\"https:\\\/\\\/www.elevabec.com\\\/?s={search_term_string}\"},\"query-input\":{\"@type\":\"PropertyValueSpecification\",\"valueRequired\":true,\"valueName\":\"search_term_string\"}}],\"inLanguage\":\"en-CA\"}]}<\/script>\n<!-- \/ Yoast SEO plugin. -->","yoast_head_json":{"title":"Free estimate - \u00c9l\u00e9vabec","robots":{"index":"index","follow":"follow","max-snippet":"max-snippet:-1","max-image-preview":"max-image-preview:large","max-video-preview":"max-video-preview:-1"},"canonical":"https:\/\/www.elevabec.com\/en\/free-estimate\/","og_locale":"en_US","og_type":"article","og_title":"Free estimate - \u00c9l\u00e9vabec","og_description":"Request a Quote or an Appointment to Try Our Elevators at Our Showroom in St-Hyacinthe. We Reply Within 24 hours. The fastest and most efficient method is to complete the...","og_url":"https:\/\/www.elevabec.com\/en\/free-estimate\/","og_site_name":"\u00c9l\u00e9vabec","article_modified_time":"2025-05-13T20:52:10+00:00","twitter_misc":{"Est. reading time":"1 minute"},"schema":{"@context":"https:\/\/schema.org","@graph":[{"@type":"WebPage","@id":"https:\/\/www.elevabec.com\/en\/free-estimate\/","url":"https:\/\/www.elevabec.com\/en\/free-estimate\/","name":"Free estimate - \u00c9l\u00e9vabec","isPartOf":{"@id":"https:\/\/www.elevabec.com\/#website"},"datePublished":"2013-09-20T13:54:38+00:00","dateModified":"2025-05-13T20:52:10+00:00","inLanguage":"en-CA","potentialAction":[{"@type":"ReadAction","target":["https:\/\/www.elevabec.com\/en\/free-estimate\/"]}]},{"@type":"WebSite","@id":"https:\/\/www.elevabec.com\/#website","url":"https:\/\/www.elevabec.com\/","name":"\u00c9l\u00e9vabec","description":"Fabricant de plates-formes \u00e9l\u00e9vatrices","potentialAction":[{"@type":"SearchAction","target":{"@type":"EntryPoint","urlTemplate":"https:\/\/www.elevabec.com\/?s={search_term_string}"},"query-input":{"@type":"PropertyValueSpecification","valueRequired":true,"valueName":"search_term_string"}}],"inLanguage":"en-CA"}]}},"_links":{"self":[{"href":"https:\/\/www.elevabec.com\/en\/wp-json\/wp\/v2\/pages\/1114","targetHints":{"allow":["GET"]}}],"collection":[{"href":"https:\/\/www.elevabec.com\/en\/wp-json\/wp\/v2\/pages"}],"about":[{"href":"https:\/\/www.elevabec.com\/en\/wp-json\/wp\/v2\/types\/page"}],"author":[{"embeddable":true,"href":"https:\/\/www.elevabec.com\/en\/wp-json\/wp\/v2\/users\/2"}],"replies":[{"embeddable":true,"href":"https:\/\/www.elevabec.com\/en\/wp-json\/wp\/v2\/comments?post=1114"}],"version-history":[{"count":6,"href":"https:\/\/www.elevabec.com\/en\/wp-json\/wp\/v2\/pages\/1114\/revisions"}],"predecessor-version":[{"id":2578,"href":"https:\/\/www.elevabec.com\/en\/wp-json\/wp\/v2\/pages\/1114\/revisions\/2578"}],"wp:attachment":[{"href":"https:\/\/www.elevabec.com\/en\/wp-json\/wp\/v2\/media?parent=1114"}],"curies":[{"name":"wp","href":"https:\/\/api.w.org\/{rel}","templated":true}]}}