{"id":1112,"date":"2013-09-20T15:27:16","date_gmt":"2013-09-20T14:27:16","guid":{"rendered":"https:\/\/www.elevabec.com\/entreprise-2\/"},"modified":"2024-02-07T16:15:55","modified_gmt":"2024-02-07T16:15:55","slug":"company","status":"publish","type":"page","link":"https:\/\/www.elevabec.com\/en\/company\/","title":{"rendered":"Company"},"content":{"rendered":"<p>\u00c9l\u00e9vabec Enterprises Inc., started in Saint-Hyacinthe in 1981 changed its name to \u00c9l\u00e9vabec Inc. in November 2001 when bought by two maskoutaines Sonia and Sophie Rodier.<\/p>\n<p>The latter coming from a family where entrepreneurship is important, following in the footsteps of their parents at the head of a company manufacturation and distribution of medical equipment.<\/p>\n<p>Because their goal is the same; facilitate the safe transport of disabled persons in their homes or places public, Sonia and Sophie are given a mission to offer independence and a better quality of life by developing new products.<\/p>\n<p>\u00c9l\u00e9vabec, expanding, operating from October 2002 to new premises in the Olivier-Chalifoux industrial estate in Saint-Hyacinthe, always aiming to better serve its customers.<\/p>\n<p>\u00c9l\u00e9vabec not skimping on efforts to carve out a special place in the market, offers its customers, while respecting the new safety standards and manufacturing products on the cutting edge of technology.<\/p>\n<p>\u00c9l\u00e9vabec is proud to offer approved by the R\u00e9gie du B\u00e2timent du Qu\u00e9bec under the residential CAN \/ CSA B-613-00 devices and public CAN \/ CSA B-355-09, to provide safe equipment and services quality and has been since its founding.<\/p>\n<p>The dedicated, professional workforce of \u00c9l\u00e9vabec working with engineers and experts at various levels in order to continually improve the design, manufacture and marketing of vertical platform lifts, indoor and outdoor for public and residential sectors .<\/p>\n<p>The expertise of \u00c9l\u00e9vabec is utilized at all levels to provide a device compliant, high quality and safely installed. \u00c9l\u00e9vabec always to meet the needs of its customers, manufactures instruments tailored to the functional limitations and constraints of the site.<\/p>\n<p>Moreover, \u00c9l\u00e9vabec diversifying its activities by offering maintenance and renovation of elevators.<\/p>\n<p>Platform lift for disabled, residential elevator, home elevator, dumbwaiter, patient lifts, dumbwaiters, stair climbing, electric door opener.<\/p>\n","protected":false},"excerpt":{"rendered":"<p>\u00c9l\u00e9vabec Enterprises Inc., started in Saint-Hyacinthe in 1981 changed its name to \u00c9l\u00e9vabec Inc. in November 2001 when bought by two maskoutaines Sonia and Sophie Rodier. The latter coming from&#8230;<\/p>\n","protected":false},"author":2,"featured_media":0,"parent":0,"menu_order":0,"comment_status":"closed","ping_status":"closed","template":"","meta":{"_acf_changed":false,"ngg_post_thumbnail":0,"footnotes":""},"class_list":["post-1112","page","type-page","status-publish","hentry"],"acf":[],"yoast_head":"<!-- This site is optimized with the Yoast SEO plugin v27.1.1 - https:\/\/yoast.com\/product\/yoast-seo-wordpress\/ -->\n<title>Company - \u00c9l\u00e9vabec<\/title>\n<meta name=\"description\" content=\"Fond\u00e9e en 1981 \u00e0 Saint-Hyacinthe, \u00c9l\u00e9vabec est une entreprise se sp\u00e9cialisant dans la manufacture et l&#039;installation d&#039;appareils \u00e9l\u00e9vateurs.\" \/>\n<meta name=\"robots\" content=\"index, follow, max-snippet:-1, max-image-preview:large, max-video-preview:-1\" \/>\n<link rel=\"canonical\" href=\"https:\/\/www.elevabec.com\/en\/company\/\" \/>\n<meta property=\"og:locale\" content=\"en_US\" \/>\n<meta property=\"og:type\" content=\"article\" \/>\n<meta property=\"og:title\" content=\"Company - \u00c9l\u00e9vabec\" \/>\n<meta property=\"og:description\" content=\"Fond\u00e9e en 1981 \u00e0 Saint-Hyacinthe, \u00c9l\u00e9vabec est une entreprise se sp\u00e9cialisant dans la manufacture et l&#039;installation d&#039;appareils \u00e9l\u00e9vateurs.\" \/>\n<meta property=\"og:url\" content=\"https:\/\/www.elevabec.com\/en\/company\/\" \/>\n<meta property=\"og:site_name\" content=\"\u00c9l\u00e9vabec\" \/>\n<meta property=\"article:modified_time\" content=\"2024-02-07T16:15:55+00:00\" \/>\n<meta name=\"twitter:label1\" content=\"Est. reading time\" \/>\n\t<meta name=\"twitter:data1\" content=\"2 minutes\" \/>\n<script type=\"application\/ld+json\" class=\"yoast-schema-graph\">{\"@context\":\"https:\/\/schema.org\",\"@graph\":[{\"@type\":\"WebPage\",\"@id\":\"https:\/\/www.elevabec.com\/en\/company\/\",\"url\":\"https:\/\/www.elevabec.com\/en\/company\/\",\"name\":\"Company - \u00c9l\u00e9vabec\",\"isPartOf\":{\"@id\":\"https:\/\/www.elevabec.com\/#website\"},\"datePublished\":\"2013-09-20T14:27:16+00:00\",\"dateModified\":\"2024-02-07T16:15:55+00:00\",\"description\":\"Fond\u00e9e en 1981 \u00e0 Saint-Hyacinthe, \u00c9l\u00e9vabec est une entreprise se sp\u00e9cialisant dans la manufacture et l'installation d'appareils \u00e9l\u00e9vateurs.\",\"inLanguage\":\"en-CA\",\"potentialAction\":[{\"@type\":\"ReadAction\",\"target\":[\"https:\/\/www.elevabec.com\/en\/company\/\"]}]},{\"@type\":\"WebSite\",\"@id\":\"https:\/\/www.elevabec.com\/#website\",\"url\":\"https:\/\/www.elevabec.com\/\",\"name\":\"\u00c9l\u00e9vabec\",\"description\":\"Fabricant de plates-formes \u00e9l\u00e9vatrices\",\"potentialAction\":[{\"@type\":\"SearchAction\",\"target\":{\"@type\":\"EntryPoint\",\"urlTemplate\":\"https:\/\/www.elevabec.com\/?s={search_term_string}\"},\"query-input\":{\"@type\":\"PropertyValueSpecification\",\"valueRequired\":true,\"valueName\":\"search_term_string\"}}],\"inLanguage\":\"en-CA\"}]}<\/script>\n<!-- \/ Yoast SEO plugin. -->","yoast_head_json":{"title":"Company - \u00c9l\u00e9vabec","description":"Fond\u00e9e en 1981 \u00e0 Saint-Hyacinthe, \u00c9l\u00e9vabec est une entreprise se sp\u00e9cialisant dans la manufacture et l'installation d'appareils \u00e9l\u00e9vateurs.","robots":{"index":"index","follow":"follow","max-snippet":"max-snippet:-1","max-image-preview":"max-image-preview:large","max-video-preview":"max-video-preview:-1"},"canonical":"https:\/\/www.elevabec.com\/en\/company\/","og_locale":"en_US","og_type":"article","og_title":"Company - \u00c9l\u00e9vabec","og_description":"Fond\u00e9e en 1981 \u00e0 Saint-Hyacinthe, \u00c9l\u00e9vabec est une entreprise se sp\u00e9cialisant dans la manufacture et l'installation d'appareils \u00e9l\u00e9vateurs.","og_url":"https:\/\/www.elevabec.com\/en\/company\/","og_site_name":"\u00c9l\u00e9vabec","article_modified_time":"2024-02-07T16:15:55+00:00","twitter_misc":{"Est. reading time":"2 minutes"},"schema":{"@context":"https:\/\/schema.org","@graph":[{"@type":"WebPage","@id":"https:\/\/www.elevabec.com\/en\/company\/","url":"https:\/\/www.elevabec.com\/en\/company\/","name":"Company - \u00c9l\u00e9vabec","isPartOf":{"@id":"https:\/\/www.elevabec.com\/#website"},"datePublished":"2013-09-20T14:27:16+00:00","dateModified":"2024-02-07T16:15:55+00:00","description":"Fond\u00e9e en 1981 \u00e0 Saint-Hyacinthe, \u00c9l\u00e9vabec est une entreprise se sp\u00e9cialisant dans la manufacture et l'installation d'appareils \u00e9l\u00e9vateurs.","inLanguage":"en-CA","potentialAction":[{"@type":"ReadAction","target":["https:\/\/www.elevabec.com\/en\/company\/"]}]},{"@type":"WebSite","@id":"https:\/\/www.elevabec.com\/#website","url":"https:\/\/www.elevabec.com\/","name":"\u00c9l\u00e9vabec","description":"Fabricant de plates-formes \u00e9l\u00e9vatrices","potentialAction":[{"@type":"SearchAction","target":{"@type":"EntryPoint","urlTemplate":"https:\/\/www.elevabec.com\/?s={search_term_string}"},"query-input":{"@type":"PropertyValueSpecification","valueRequired":true,"valueName":"search_term_string"}}],"inLanguage":"en-CA"}]}},"_links":{"self":[{"href":"https:\/\/www.elevabec.com\/en\/wp-json\/wp\/v2\/pages\/1112","targetHints":{"allow":["GET"]}}],"collection":[{"href":"https:\/\/www.elevabec.com\/en\/wp-json\/wp\/v2\/pages"}],"about":[{"href":"https:\/\/www.elevabec.com\/en\/wp-json\/wp\/v2\/types\/page"}],"author":[{"embeddable":true,"href":"https:\/\/www.elevabec.com\/en\/wp-json\/wp\/v2\/users\/2"}],"replies":[{"embeddable":true,"href":"https:\/\/www.elevabec.com\/en\/wp-json\/wp\/v2\/comments?post=1112"}],"version-history":[{"count":3,"href":"https:\/\/www.elevabec.com\/en\/wp-json\/wp\/v2\/pages\/1112\/revisions"}],"predecessor-version":[{"id":2415,"href":"https:\/\/www.elevabec.com\/en\/wp-json\/wp\/v2\/pages\/1112\/revisions\/2415"}],"wp:attachment":[{"href":"https:\/\/www.elevabec.com\/en\/wp-json\/wp\/v2\/media?parent=1112"}],"curies":[{"name":"wp","href":"https:\/\/api.w.org\/{rel}","templated":true}]}}