{"id":1108,"date":"2013-09-20T15:28:09","date_gmt":"2013-09-20T14:28:09","guid":{"rendered":"https:\/\/www.elevabec.com\/centre-de-documentation-2\/"},"modified":"2014-09-23T08:45:10","modified_gmt":"2014-09-23T12:45:10","slug":"documentation-center","status":"publish","type":"page","link":"https:\/\/www.elevabec.com\/en\/documentation-center\/","title":{"rendered":"Documentation center"},"content":{"rendered":"<p>\u00c9l\u00e9vabec inc., Is able to provide all technical documents required for the installation of its equipment. Whether is for quotes installers and building contractors, site plans or shop drawings for architects, our qualified team ensures to provide you with precision all relevant information Please,do not hesitate to contact our technical department so that we can respond to your request.<\/p>\n","protected":false},"excerpt":{"rendered":"<p>\u00c9l\u00e9vabec inc., Is able to provide all technical documents required for the installation of its equipment. Whether is for quotes installers and building contractors, site plans or shop drawings for&#8230;<\/p>\n","protected":false},"author":2,"featured_media":0,"parent":0,"menu_order":0,"comment_status":"closed","ping_status":"closed","template":"documentation.php","meta":{"_acf_changed":false,"ngg_post_thumbnail":0,"footnotes":""},"class_list":["post-1108","page","type-page","status-publish","hentry"],"acf":[],"yoast_head":"<!-- This site is optimized with the Yoast SEO plugin v27.1.1 - https:\/\/yoast.com\/product\/yoast-seo-wordpress\/ -->\n<title>Documentation center - \u00c9l\u00e9vabec<\/title>\n<meta name=\"description\" content=\"Documents techniques requis pour l&#039;installation et la maintenance des appareils \u00e9l\u00e9vateurs produits chez \u00c9l\u00e9vabec.\" \/>\n<meta name=\"robots\" content=\"index, follow, max-snippet:-1, max-image-preview:large, max-video-preview:-1\" \/>\n<link rel=\"canonical\" href=\"https:\/\/www.elevabec.com\/en\/documentation-center\/\" \/>\n<meta property=\"og:locale\" content=\"en_US\" \/>\n<meta property=\"og:type\" content=\"article\" \/>\n<meta property=\"og:title\" content=\"Documentation center - \u00c9l\u00e9vabec\" \/>\n<meta property=\"og:description\" content=\"Documents techniques requis pour l&#039;installation et la maintenance des appareils \u00e9l\u00e9vateurs produits chez \u00c9l\u00e9vabec.\" \/>\n<meta property=\"og:url\" content=\"https:\/\/www.elevabec.com\/en\/documentation-center\/\" \/>\n<meta property=\"og:site_name\" content=\"\u00c9l\u00e9vabec\" \/>\n<meta property=\"article:modified_time\" content=\"2014-09-23T12:45:10+00:00\" \/>\n<script type=\"application\/ld+json\" class=\"yoast-schema-graph\">{\"@context\":\"https:\/\/schema.org\",\"@graph\":[{\"@type\":\"WebPage\",\"@id\":\"https:\/\/www.elevabec.com\/en\/documentation-center\/\",\"url\":\"https:\/\/www.elevabec.com\/en\/documentation-center\/\",\"name\":\"Documentation center - \u00c9l\u00e9vabec\",\"isPartOf\":{\"@id\":\"https:\/\/www.elevabec.com\/#website\"},\"datePublished\":\"2013-09-20T14:28:09+00:00\",\"dateModified\":\"2014-09-23T12:45:10+00:00\",\"description\":\"Documents techniques requis pour l'installation et la maintenance des appareils \u00e9l\u00e9vateurs produits chez \u00c9l\u00e9vabec.\",\"inLanguage\":\"en-CA\",\"potentialAction\":[{\"@type\":\"ReadAction\",\"target\":[\"https:\/\/www.elevabec.com\/en\/documentation-center\/\"]}]},{\"@type\":\"WebSite\",\"@id\":\"https:\/\/www.elevabec.com\/#website\",\"url\":\"https:\/\/www.elevabec.com\/\",\"name\":\"\u00c9l\u00e9vabec\",\"description\":\"Fabricant de plates-formes \u00e9l\u00e9vatrices\",\"potentialAction\":[{\"@type\":\"SearchAction\",\"target\":{\"@type\":\"EntryPoint\",\"urlTemplate\":\"https:\/\/www.elevabec.com\/?s={search_term_string}\"},\"query-input\":{\"@type\":\"PropertyValueSpecification\",\"valueRequired\":true,\"valueName\":\"search_term_string\"}}],\"inLanguage\":\"en-CA\"}]}<\/script>\n<!-- \/ Yoast SEO plugin. -->","yoast_head_json":{"title":"Documentation center - \u00c9l\u00e9vabec","description":"Documents techniques requis pour l'installation et la maintenance des appareils \u00e9l\u00e9vateurs produits chez \u00c9l\u00e9vabec.","robots":{"index":"index","follow":"follow","max-snippet":"max-snippet:-1","max-image-preview":"max-image-preview:large","max-video-preview":"max-video-preview:-1"},"canonical":"https:\/\/www.elevabec.com\/en\/documentation-center\/","og_locale":"en_US","og_type":"article","og_title":"Documentation center - \u00c9l\u00e9vabec","og_description":"Documents techniques requis pour l'installation et la maintenance des appareils \u00e9l\u00e9vateurs produits chez \u00c9l\u00e9vabec.","og_url":"https:\/\/www.elevabec.com\/en\/documentation-center\/","og_site_name":"\u00c9l\u00e9vabec","article_modified_time":"2014-09-23T12:45:10+00:00","schema":{"@context":"https:\/\/schema.org","@graph":[{"@type":"WebPage","@id":"https:\/\/www.elevabec.com\/en\/documentation-center\/","url":"https:\/\/www.elevabec.com\/en\/documentation-center\/","name":"Documentation center - \u00c9l\u00e9vabec","isPartOf":{"@id":"https:\/\/www.elevabec.com\/#website"},"datePublished":"2013-09-20T14:28:09+00:00","dateModified":"2014-09-23T12:45:10+00:00","description":"Documents techniques requis pour l'installation et la maintenance des appareils \u00e9l\u00e9vateurs produits chez \u00c9l\u00e9vabec.","inLanguage":"en-CA","potentialAction":[{"@type":"ReadAction","target":["https:\/\/www.elevabec.com\/en\/documentation-center\/"]}]},{"@type":"WebSite","@id":"https:\/\/www.elevabec.com\/#website","url":"https:\/\/www.elevabec.com\/","name":"\u00c9l\u00e9vabec","description":"Fabricant de plates-formes \u00e9l\u00e9vatrices","potentialAction":[{"@type":"SearchAction","target":{"@type":"EntryPoint","urlTemplate":"https:\/\/www.elevabec.com\/?s={search_term_string}"},"query-input":{"@type":"PropertyValueSpecification","valueRequired":true,"valueName":"search_term_string"}}],"inLanguage":"en-CA"}]}},"_links":{"self":[{"href":"https:\/\/www.elevabec.com\/en\/wp-json\/wp\/v2\/pages\/1108","targetHints":{"allow":["GET"]}}],"collection":[{"href":"https:\/\/www.elevabec.com\/en\/wp-json\/wp\/v2\/pages"}],"about":[{"href":"https:\/\/www.elevabec.com\/en\/wp-json\/wp\/v2\/types\/page"}],"author":[{"embeddable":true,"href":"https:\/\/www.elevabec.com\/en\/wp-json\/wp\/v2\/users\/2"}],"replies":[{"embeddable":true,"href":"https:\/\/www.elevabec.com\/en\/wp-json\/wp\/v2\/comments?post=1108"}],"version-history":[{"count":3,"href":"https:\/\/www.elevabec.com\/en\/wp-json\/wp\/v2\/pages\/1108\/revisions"}],"predecessor-version":[{"id":1228,"href":"https:\/\/www.elevabec.com\/en\/wp-json\/wp\/v2\/pages\/1108\/revisions\/1228"}],"wp:attachment":[{"href":"https:\/\/www.elevabec.com\/en\/wp-json\/wp\/v2\/media?parent=1108"}],"curies":[{"name":"wp","href":"https:\/\/api.w.org\/{rel}","templated":true}]}}