{"id":1104,"date":"2013-09-25T20:38:47","date_gmt":"2013-09-26T00:38:47","guid":{"rendered":"https:\/\/www.elevabec.com\/accueil-2\/"},"modified":"2016-09-16T10:43:28","modified_gmt":"2016-09-16T14:43:28","slug":"home","status":"publish","type":"page","link":"https:\/\/www.elevabec.com\/en\/","title":{"rendered":"Home"},"content":{"rendered":"","protected":false},"excerpt":{"rendered":"","protected":false},"author":2,"featured_media":0,"parent":0,"menu_order":0,"comment_status":"closed","ping_status":"closed","template":"accueil.php","meta":{"_acf_changed":false,"ngg_post_thumbnail":0,"footnotes":""},"class_list":["post-1104","page","type-page","status-publish","hentry"],"acf":[],"yoast_head":"<!-- This site is optimized with the Yoast SEO plugin v27.1.1 - https:\/\/yoast.com\/product\/yoast-seo-wordpress\/ -->\n<title>Home Elevators and Platforms Manufacturer | \u00c9l\u00e9vabec<\/title>\n<meta name=\"description\" content=\"Manufacturer &amp; installer of elevators such as platform lifts and residential elevators conform to your house building standards.\" \/>\n<meta name=\"robots\" content=\"index, follow, max-snippet:-1, max-image-preview:large, max-video-preview:-1\" \/>\n<link rel=\"canonical\" href=\"https:\/\/www.elevabec.com\/en\/\" \/>\n<meta property=\"og:locale\" content=\"en_US\" \/>\n<meta property=\"og:type\" content=\"article\" \/>\n<meta property=\"og:title\" content=\"Home Elevators and Platforms Manufacturer | \u00c9l\u00e9vabec\" \/>\n<meta property=\"og:description\" content=\"Manufacturer &amp; installer of elevators such as platform lifts and residential elevators conform to your house building standards.\" \/>\n<meta property=\"og:url\" content=\"https:\/\/www.elevabec.com\/en\/\" \/>\n<meta property=\"og:site_name\" content=\"\u00c9l\u00e9vabec\" \/>\n<meta property=\"article:modified_time\" content=\"2016-09-16T14:43:28+00:00\" \/>\n<script type=\"application\/ld+json\" class=\"yoast-schema-graph\">{\"@context\":\"https:\/\/schema.org\",\"@graph\":[{\"@type\":\"WebPage\",\"@id\":\"https:\/\/www.elevabec.com\/en\/\",\"url\":\"https:\/\/www.elevabec.com\/en\/\",\"name\":\"Home Elevators and Platforms Manufacturer | \u00c9l\u00e9vabec\",\"isPartOf\":{\"@id\":\"https:\/\/www.elevabec.com\/#website\"},\"datePublished\":\"2013-09-26T00:38:47+00:00\",\"dateModified\":\"2016-09-16T14:43:28+00:00\",\"description\":\"Manufacturer & installer of elevators such as platform lifts and residential elevators conform to your house building standards.\",\"inLanguage\":\"en-CA\",\"potentialAction\":[{\"@type\":\"ReadAction\",\"target\":[\"https:\/\/www.elevabec.com\/en\/\"]}]},{\"@type\":\"WebSite\",\"@id\":\"https:\/\/www.elevabec.com\/#website\",\"url\":\"https:\/\/www.elevabec.com\/\",\"name\":\"\u00c9l\u00e9vabec\",\"description\":\"Fabricant de plates-formes \u00e9l\u00e9vatrices\",\"potentialAction\":[{\"@type\":\"SearchAction\",\"target\":{\"@type\":\"EntryPoint\",\"urlTemplate\":\"https:\/\/www.elevabec.com\/?s={search_term_string}\"},\"query-input\":{\"@type\":\"PropertyValueSpecification\",\"valueRequired\":true,\"valueName\":\"search_term_string\"}}],\"inLanguage\":\"en-CA\"}]}<\/script>\n<!-- \/ Yoast SEO plugin. -->","yoast_head_json":{"title":"Home Elevators and Platforms Manufacturer | \u00c9l\u00e9vabec","description":"Manufacturer & installer of elevators such as platform lifts and residential elevators conform to your house building standards.","robots":{"index":"index","follow":"follow","max-snippet":"max-snippet:-1","max-image-preview":"max-image-preview:large","max-video-preview":"max-video-preview:-1"},"canonical":"https:\/\/www.elevabec.com\/en\/","og_locale":"en_US","og_type":"article","og_title":"Home Elevators and Platforms Manufacturer | \u00c9l\u00e9vabec","og_description":"Manufacturer & installer of elevators such as platform lifts and residential elevators conform to your house building standards.","og_url":"https:\/\/www.elevabec.com\/en\/","og_site_name":"\u00c9l\u00e9vabec","article_modified_time":"2016-09-16T14:43:28+00:00","schema":{"@context":"https:\/\/schema.org","@graph":[{"@type":"WebPage","@id":"https:\/\/www.elevabec.com\/en\/","url":"https:\/\/www.elevabec.com\/en\/","name":"Home Elevators and Platforms Manufacturer | \u00c9l\u00e9vabec","isPartOf":{"@id":"https:\/\/www.elevabec.com\/#website"},"datePublished":"2013-09-26T00:38:47+00:00","dateModified":"2016-09-16T14:43:28+00:00","description":"Manufacturer & installer of elevators such as platform lifts and residential elevators conform to your house building standards.","inLanguage":"en-CA","potentialAction":[{"@type":"ReadAction","target":["https:\/\/www.elevabec.com\/en\/"]}]},{"@type":"WebSite","@id":"https:\/\/www.elevabec.com\/#website","url":"https:\/\/www.elevabec.com\/","name":"\u00c9l\u00e9vabec","description":"Fabricant de plates-formes \u00e9l\u00e9vatrices","potentialAction":[{"@type":"SearchAction","target":{"@type":"EntryPoint","urlTemplate":"https:\/\/www.elevabec.com\/?s={search_term_string}"},"query-input":{"@type":"PropertyValueSpecification","valueRequired":true,"valueName":"search_term_string"}}],"inLanguage":"en-CA"}]}},"_links":{"self":[{"href":"https:\/\/www.elevabec.com\/en\/wp-json\/wp\/v2\/pages\/1104","targetHints":{"allow":["GET"]}}],"collection":[{"href":"https:\/\/www.elevabec.com\/en\/wp-json\/wp\/v2\/pages"}],"about":[{"href":"https:\/\/www.elevabec.com\/en\/wp-json\/wp\/v2\/types\/page"}],"author":[{"embeddable":true,"href":"https:\/\/www.elevabec.com\/en\/wp-json\/wp\/v2\/users\/2"}],"replies":[{"embeddable":true,"href":"https:\/\/www.elevabec.com\/en\/wp-json\/wp\/v2\/comments?post=1104"}],"version-history":[{"count":4,"href":"https:\/\/www.elevabec.com\/en\/wp-json\/wp\/v2\/pages\/1104\/revisions"}],"predecessor-version":[{"id":1218,"href":"https:\/\/www.elevabec.com\/en\/wp-json\/wp\/v2\/pages\/1104\/revisions\/1218"}],"wp:attachment":[{"href":"https:\/\/www.elevabec.com\/en\/wp-json\/wp\/v2\/media?parent=1104"}],"curies":[{"name":"wp","href":"https:\/\/api.w.org\/{rel}","templated":true}]}}